{"id":11410,"date":"2016-12-05T16:27:32","date_gmt":"2016-12-05T16:27:32","guid":{"rendered":"https:\/\/nex.vamtam.com\/?page_id=11410"},"modified":"2024-04-30T14:06:35","modified_gmt":"2024-04-30T14:06:35","slug":"about","status":"publish","type":"page","link":"https:\/\/figroup.us\/de\/about\/","title":{"rendered":"\u00dcber Uns"},"content":{"rendered":"<div class=\"vgblk-rw-wrapper limit-wrapper\">\n<h3>\n\t\u00dcber Uns\n\t<\/h3>\n\t<p>Das hochmoderne Geb\u00e4ude von Florida International Enterprises LLC befindet sich im Herzen des Frachtbereichs von Miami, nur wenige Minuten vom internationalen Flughafen entfernt und in unmittelbarer N\u00e4he zu den Hauptverkehrsadern, die uns mit den H\u00e4fen von Miami und Port Everglades verbinden.<\/p>\n<p>Unser Managementteam verf\u00fcgt \u00fcber mehr als 30 Jahre Erfahrung in der Lieferkette und vereint lokales und internationales Talent mit einem umfangreichen Netzwerk, um Ihre Gesch\u00e4fte in Florida und den USA zu erleichtern<\/p>\n<p>Unsere Mitarbeiter im Bereich Operations verf\u00fcgen \u00fcber umfangreiche Erfahrung und technisches Know-how und sind darauf ausgerichtet, unseren Kunden und ihrer Fracht den bestm\u00f6glichen Service zu bieten. Sie alle sind von der TSA geschult, bewertet und zugelassen, um alle Sicherheitskriterien zu erf\u00fcllen.<\/p>\n<p>Im Laufe der 25-j\u00e4hrigen Geschichte von Florida International Enterprises haben wir eine enge und vertrauensvolle Beziehung zu unseren Kunden aufgebaut und sind ein strategischer Partner in ihren Operationen geworden. Wir bieten die erforderliche Beratung, um effizient zu sein und die branchen\u00fcblichen Normen und Vorschriften zu erf\u00fcllen.<\/p>\n<p>Somos parte del Grupo Marval &#8211; <a href=\"http:\/\/www.marval.cl\">www.marval.cl<\/a> &#8211; Empresa Chilena que desde 1989 provee soluciones integrales a la cadena log\u00edstica, mar\u00edtima y portuaria, con presencia en Chile, Argentina, Per\u00fa, Bolivia, Brasil y los Estados Unidos.<\/p>\n<p>Wir verf\u00fcgen \u00fcber folgende Zertifizierungen:<\/p>\n<ul>\n<li>CFS<\/li>\n<li>Bonded<\/li>\n<li>TSA Facility<\/li>\n<li>C-TPAT Compliant<\/li>\n<\/ul>\n<p>&nbsp;<\/p>\n<p>Mision<\/p>\n<p>3PL-Dienstleistungen bereitzustellen und uns zu einem strategischen Partner f\u00fcr unsere Kunden zu entwickeln. Wir bringen unsere Erfahrung ein, um effiziente, innovative und ma\u00dfgeschneiderte L\u00f6sungen zu entwickeln.<\/p>\n<p>&nbsp;<\/p>\n<p>Vision<\/p>\n<p>Wir streben danach, als f\u00fchrend in Qualit\u00e4t und P\u00fcnktlichkeit bei der Bereitstellung von Dienstleistungen anerkannt zu werden.<\/p>\n<p>&nbsp;<\/p>\n<p>Grundwerte<\/p>\n<ul>\n<li>Transparenz und Glaubw\u00fcrdigkeit<\/li>\n<li>Mut und Innovation<\/li>\n<li>Zusammenarbeit und Nachhaltigkeit<\/li>\n<li>Mut und Innovation<\/li>\n<\/ul>\n\n<\/div><!-- .vgblk-rw-wrapper -->","protected":false},"excerpt":{"rendered":"<p>Sobre Nosotros El edificio de \u00faltima generaci\u00f3n de Florida International Enterprises LLC est\u00e1 ubicado en el coraz\u00f3n del \u00e1rea de carga de Miami, a solo minutos del Aeropuerto Internacional y pr\u00f3ximo a las principales arterias que nos comunican con los Puertos de Miami y Port Everglades. Nuestro equipo Directivo cuenta con una trayectoria de m\u00e1s&#8230;<\/p>","protected":false},"author":1,"featured_media":0,"parent":0,"menu_order":0,"comment_status":"closed","ping_status":"closed","template":"","meta":{"inline_featured_image":false,"footnotes":""},"class_list":["post-11410","page","type-page","status-publish","hentry"],"_links":{"self":[{"href":"https:\/\/figroup.us\/de\/wp-json\/wp\/v2\/pages\/11410","targetHints":{"allow":["GET"]}}],"collection":[{"href":"https:\/\/figroup.us\/de\/wp-json\/wp\/v2\/pages"}],"about":[{"href":"https:\/\/figroup.us\/de\/wp-json\/wp\/v2\/types\/page"}],"author":[{"embeddable":true,"href":"https:\/\/figroup.us\/de\/wp-json\/wp\/v2\/users\/1"}],"replies":[{"embeddable":true,"href":"https:\/\/figroup.us\/de\/wp-json\/wp\/v2\/comments?post=11410"}],"version-history":[{"count":18,"href":"https:\/\/figroup.us\/de\/wp-json\/wp\/v2\/pages\/11410\/revisions"}],"predecessor-version":[{"id":988016,"href":"https:\/\/figroup.us\/de\/wp-json\/wp\/v2\/pages\/11410\/revisions\/988016"}],"wp:attachment":[{"href":"https:\/\/figroup.us\/de\/wp-json\/wp\/v2\/media?parent=11410"}],"curies":[{"name":"wp","href":"https:\/\/api.w.org\/{rel}","templated":true}]}}