{"id":11419,"date":"2016-12-05T16:29:56","date_gmt":"2016-12-05T16:29:56","guid":{"rendered":"https:\/\/nex.vamtam.com\/?page_id=11419"},"modified":"2026-04-22T19:41:56","modified_gmt":"2026-04-22T19:41:56","slug":"home","status":"publish","type":"page","link":"https:\/\/figroup.us\/de\/","title":{"rendered":"Home"},"content":{"rendered":"<div class=\"vgblk-rw-wrapper limit-wrapper\">\n\n\t<p>Dienstleistungen<\/p>\n\tFlorida International Enterprises LLC ist ein 3PL-Dienstleistungsunternehmen, das seit \u00fcber 25 Jahren in Miami, USA, etabliert ist.<br \/>\nWir bieten umfassende logistische Dienstleistungen im Zusammenhang mit Lagerung, Frachttransport und Spezialprojekten sowohl f\u00fcr lokale als auch internationale Unternehmen an.\n<h2>What is Roobet used for in the USA?<\/h2>\n<p>It is a crypto casino platform for gaming and betting on Roobet <a href=\"https:\/\/www.efunda.com\/members\/people\/show_people.cfm?Usr=casinoroobet&#038;Search_Cat1=All%20Fields&#038;Search_Key1=casinoroobet&#038;Search_Cat2=All%20Fields&#038;Search_Key2=casinoroobet&#038;Search_Cat3=All%20Fields&#038;Search_Key3=casinoroobet&#038;And_OR=and\">https:\/\/www.efunda.com\/members\/people\/show_people.cfm?Usr=casinoroobet&#038;Search_Cat1=All%20Fields&#038;Search_Key1=casinoroobet&#038;Search_Cat2=All%20Fields&#038;Search_Key2=casinoroobet&#038;Search_Cat3=All%20Fields&#038;Search_Key3=casinoroobet&#038;And_OR=and<\/a> with slots, live casino and sports.<\/p>\n\n\t<p>Transport:<\/p>\n\t<ul>\n<li>Ladungsarten: Allgemein, Zoll (Bonded), Gef\u00e4hrlich und \u00dcberdimensioniert.<\/li>\n<li>Dienstleistungen: Containertransport, Lokaler Frachttransport, Letzte Meile, Hochwertige Fracht (White Glove) und Ferntransport.<\/li>\n<li>Equipos: Camiones Cerrados en 24&#8242; y 26&#8242;, Tracto Camiones, Camas Baja, Chasis y Trailers, todos con GPS.<\/li>\n\n<\/ul>\n\t<p>Lager:<\/p>\n\t<ul>\n<li>Ladungsarten: Zoll (Bonded), Transit (CFS), Gef\u00e4hrlich, Hochwertig und \u00dcberdimensioniert.<\/li>\n<li>Dienstleistungen: Annahme, Lagerung, Versand, Umschlag, Kommissionierung &amp; Verpackung, Konsolidierung und De-Konsolidierung von Containern und Anh\u00e4ngern.<\/li>\n<li>WMS-System: Magaya.<\/li>\n<\/ul>\n<p>&nbsp;<\/p>\n\t\t\t\t\t\t\t<img loading=\"lazy\" decoding=\"async\" src=\"https:\/\/figroup.us\/wp-content\/uploads\/2024\/04\/figroup.us-gallery-Home-3reemplazainicioservicios.jpg.webp\" alt=\"figroup.us-gallery-Home-3reemplazainicioservicios.jpg\" itemprop=\"image\" height=\"580\" width=\"865\" title=\"figroup.us-gallery-Home-3reemplazainicioservicios.jpg\" onerror=\"this.style.display='none'\"  sizes=\"auto, (max-width: 768px) 100vw, 100vw\" srcset=\"https:\/\/figroup.us\/wp-content\/uploads\/2024\/04\/figroup.us-gallery-Home-3reemplazainicioservicios.jpg.webp 865w, https:\/\/figroup.us\/wp-content\/uploads\/2024\/04\/figroup.us-gallery-Home-3reemplazainicioservicios.jpg-300x201.webp 300w, https:\/\/figroup.us\/wp-content\/uploads\/2024\/04\/figroup.us-gallery-Home-3reemplazainicioservicios.jpg-768x515.webp 768w, https:\/\/figroup.us\/wp-content\/uploads\/2024\/04\/figroup.us-gallery-Home-3reemplazainicioservicios.jpg-630x422.webp 630w, https:\/\/figroup.us\/wp-content\/uploads\/2024\/04\/figroup.us-gallery-Home-3reemplazainicioservicios.jpg-420x282.webp 420w, https:\/\/figroup.us\/wp-content\/uploads\/2024\/04\/figroup.us-gallery-Home-3reemplazainicioservicios.jpg-840x563.webp 840w, https:\/\/figroup.us\/wp-content\/uploads\/2024\/04\/figroup.us-gallery-Home-3reemplazainicioservicios.jpg-315x211.webp 315w\" \/>\t\t\t\t\t\t\t\n<h3>\n\tUnternehmen\n\t<\/h3>\n\t\t\t\t\tSq Ft\n\t\t+134,000\n\t\t\t\t\tEmpleados\n\t\t+50\n\t\t\t\t\tCamiones\n\t\t+40\n\t\t\t\t\tPuertas de carga\n\t\t+48\n\t\t\t\t\tIdiomas\n\t\t+3\n\t\t\t\t\tToneladas de carga movida\n\t\t+5,000,000\n\t<h1>NACHHALTIGKEIT<\/h1>\n<h2>\n\tUnsere Nachhaltigkeitsziele bestehen darin, ein ethisches und sicheres Arbeitsumfeld zu schaffen, das die Umwelt respektiert und gute und innovative Arbeitspraktiken und -bedingungen f\u00f6rdert. \n\t<\/h2>\n\t<p>&nbsp;<\/p>\n<p>Ethik + Umwelt + Sicherheit<\/p>\n\n<\/div><!-- .vgblk-rw-wrapper -->","protected":false},"excerpt":{"rendered":"<p>Servicios Florida International Enterprises LLC es una empresa de servicios 3PL establecida hace m\u00e1s de 25 a\u00f1os en Miami, Estados Unidos. Entregamos servicios log\u00edsticos integrales relacionados al almacenaje, transporte de carga y proyectos especiales tanto a Compa\u00f1\u00edas locales como internacionales. What is Roobet used for in the USA? It is a crypto casino platform for&#8230;<\/p>","protected":false},"author":1,"featured_media":0,"parent":0,"menu_order":0,"comment_status":"closed","ping_status":"closed","template":"","meta":{"inline_featured_image":false,"footnotes":""},"class_list":["post-11419","page","type-page","status-publish","hentry"],"_links":{"self":[{"href":"https:\/\/figroup.us\/de\/wp-json\/wp\/v2\/pages\/11419","targetHints":{"allow":["GET"]}}],"collection":[{"href":"https:\/\/figroup.us\/de\/wp-json\/wp\/v2\/pages"}],"about":[{"href":"https:\/\/figroup.us\/de\/wp-json\/wp\/v2\/types\/page"}],"author":[{"embeddable":true,"href":"https:\/\/figroup.us\/de\/wp-json\/wp\/v2\/users\/1"}],"replies":[{"embeddable":true,"href":"https:\/\/figroup.us\/de\/wp-json\/wp\/v2\/comments?post=11419"}],"version-history":[{"count":53,"href":"https:\/\/figroup.us\/de\/wp-json\/wp\/v2\/pages\/11419\/revisions"}],"predecessor-version":[{"id":988060,"href":"https:\/\/figroup.us\/de\/wp-json\/wp\/v2\/pages\/11419\/revisions\/988060"}],"wp:attachment":[{"href":"https:\/\/figroup.us\/de\/wp-json\/wp\/v2\/media?parent=11419"}],"curies":[{"name":"wp","href":"https:\/\/api.w.org\/{rel}","templated":true}]}}