{"id":987740,"date":"2024-04-04T22:13:32","date_gmt":"2024-04-04T22:13:32","guid":{"rendered":"https:\/\/figroup.us\/?page_id=987740"},"modified":"2024-04-26T17:10:09","modified_gmt":"2024-04-26T17:10:09","slug":"contact-copy-2","status":"publish","type":"page","link":"https:\/\/figroup.us\/de\/contact-copy-2\/","title":{"rendered":"Karrierechance"},"content":{"rendered":"<div class=\"vgblk-rw-wrapper limit-wrapper\">\n\n\t<p>Laden Sie das Bewerbungsformular herunter, f\u00fcllen Sie es aus und laden Sie es zusammen mit Ihrem CV hoch, alles im PDF-Format<\/p>\n\t<a href=\"https:\/\/figroup.us\/wp-content\/uploads\/2024\/04\/Employment-Application.pdf\" target=\"_self\" role=\"button\" rel=\"noopener\">\n\t\t\t\t\tHerunterladen \n\t<\/a>\n\tNotice: JavaScript is required for this content.\n        <!-- That data is being printed as a workaround to page builders reordering the order of the scripts loaded-->\n        \n<\/div><!-- .vgblk-rw-wrapper -->","protected":false},"excerpt":{"rendered":"<p>Descargue formulario de postulaci\u00f3n, compl\u00e9telo y s\u00fabalo junto a su Curr\u00edculum, ambos en formato PDF Descargar Notice: JavaScript is required for this content.<\/p>","protected":false},"author":1,"featured_media":0,"parent":0,"menu_order":0,"comment_status":"closed","ping_status":"closed","template":"","meta":{"inline_featured_image":false,"footnotes":""},"class_list":["post-987740","page","type-page","status-publish","hentry"],"_links":{"self":[{"href":"https:\/\/figroup.us\/de\/wp-json\/wp\/v2\/pages\/987740","targetHints":{"allow":["GET"]}}],"collection":[{"href":"https:\/\/figroup.us\/de\/wp-json\/wp\/v2\/pages"}],"about":[{"href":"https:\/\/figroup.us\/de\/wp-json\/wp\/v2\/types\/page"}],"author":[{"embeddable":true,"href":"https:\/\/figroup.us\/de\/wp-json\/wp\/v2\/users\/1"}],"replies":[{"embeddable":true,"href":"https:\/\/figroup.us\/de\/wp-json\/wp\/v2\/comments?post=987740"}],"version-history":[{"count":7,"href":"https:\/\/figroup.us\/de\/wp-json\/wp\/v2\/pages\/987740\/revisions"}],"predecessor-version":[{"id":987965,"href":"https:\/\/figroup.us\/de\/wp-json\/wp\/v2\/pages\/987740\/revisions\/987965"}],"wp:attachment":[{"href":"https:\/\/figroup.us\/de\/wp-json\/wp\/v2\/media?parent=987740"}],"curies":[{"name":"wp","href":"https:\/\/api.w.org\/{rel}","templated":true}]}}