{"id":987767,"date":"2024-04-24T04:15:52","date_gmt":"2024-04-24T04:15:52","guid":{"rendered":"https:\/\/figroup.us\/?page_id=987767"},"modified":"2024-04-30T14:05:53","modified_gmt":"2024-04-30T14:05:53","slug":"infra","status":"publish","type":"page","link":"https:\/\/figroup.us\/de\/infra\/","title":{"rendered":"Infrastruktur und Ausstattung"},"content":{"rendered":"<div class=\"vgblk-rw-wrapper limit-wrapper\">\n\n\t<h3>Infrastruktur und Ausstattung<\/h3>\n<p>&nbsp;<\/p>\n\t<p>Infrastruktur<\/p>\n<ul>\n<li>\u00a0134.000 Quadratfu\u00df Gesamtfl\u00e4che<\/li>\n<li>\u00a05000 Palettenstellpl\u00e4tze<\/li>\n<li>\u00a022.000 Quadratfu\u00df Platz f\u00fcr lose Ladung<\/li>\n<li>48 Laderampent\u00fcren<\/li>\n<li>Rampe f\u00fcr \u00fcbergro\u00dfe Ladungszugang<\/li>\n<li>Verf\u00fcgbarkeit von B\u00fcros und Kabinen f\u00fcr unsere Kunden<\/li>\n<\/ul>\n<p>&nbsp;<\/p>\n<p>Aussatattung<\/p>\n<ul>\n<li>40 Lastwagen<\/li>\n<li>49 Chassis<\/li>\n<li>28 Anh\u00e4nger<\/li>\n<li>1 Sattelzug<\/li>\n<\/ul>\n<p>&nbsp;<\/p>\n<p>Personen:<\/p>\n<ul>\n<li>54 Mitarbeiter<\/li>\n<\/ul>\n\t\t\t\t\t\t\t<img loading=\"lazy\" decoding=\"async\" src=\"https:\/\/figroup.us\/wp-content\/uploads\/2024\/04\/figroup.us-gallery-HomePARAinfraEQUIEPOS-2-768x515-1.jpg\" alt=\"figroup.us-gallery-HomePARAinfraEQUIEPOS-2-768x515\" itemprop=\"image\" height=\"515\" width=\"768\" title=\"figroup.us-gallery-HomePARAinfraEQUIEPOS-2-768x515\" onerror=\"this.style.display='none'\"  sizes=\"auto, (max-width: 768px) 100vw, 100vw\" srcset=\"https:\/\/figroup.us\/wp-content\/uploads\/2024\/04\/figroup.us-gallery-HomePARAinfraEQUIEPOS-2-768x515-1.jpg 768w, https:\/\/figroup.us\/wp-content\/uploads\/2024\/04\/figroup.us-gallery-HomePARAinfraEQUIEPOS-2-768x515-1-300x201.jpg 300w, https:\/\/figroup.us\/wp-content\/uploads\/2024\/04\/figroup.us-gallery-HomePARAinfraEQUIEPOS-2-768x515-1-630x422.jpg 630w, https:\/\/figroup.us\/wp-content\/uploads\/2024\/04\/figroup.us-gallery-HomePARAinfraEQUIEPOS-2-768x515-1-420x282.jpg 420w, https:\/\/figroup.us\/wp-content\/uploads\/2024\/04\/figroup.us-gallery-HomePARAinfraEQUIEPOS-2-768x515-1-315x211.jpg 315w\" \/>\t\t\t\t\t\t\t\n\n<\/div><!-- .vgblk-rw-wrapper -->","protected":false},"excerpt":{"rendered":"<p>Infraestructura y Equipos &nbsp; Infraestructura: \u00a0134.000 pies\u00b2 totales \u00a05000 posiciones para pallets \u00a022.000 pies\u00b2 de espacio para Carga Suelta 48 puertas de carga Rampla de acceso para carga sobredimensionada Disponibilidad de Oficinas y Cub\u00edculos para nuestros clientes &nbsp; Equipo: 40 Camiones 49 Chassis 28 Trailers 01 Tractocami\u00f3n &nbsp; Personas: 54 Empleados<\/p>","protected":false},"author":1,"featured_media":0,"parent":0,"menu_order":0,"comment_status":"closed","ping_status":"closed","template":"","meta":{"inline_featured_image":false,"footnotes":""},"class_list":["post-987767","page","type-page","status-publish","hentry"],"_links":{"self":[{"href":"https:\/\/figroup.us\/de\/wp-json\/wp\/v2\/pages\/987767","targetHints":{"allow":["GET"]}}],"collection":[{"href":"https:\/\/figroup.us\/de\/wp-json\/wp\/v2\/pages"}],"about":[{"href":"https:\/\/figroup.us\/de\/wp-json\/wp\/v2\/types\/page"}],"author":[{"embeddable":true,"href":"https:\/\/figroup.us\/de\/wp-json\/wp\/v2\/users\/1"}],"replies":[{"embeddable":true,"href":"https:\/\/figroup.us\/de\/wp-json\/wp\/v2\/comments?post=987767"}],"version-history":[{"count":8,"href":"https:\/\/figroup.us\/de\/wp-json\/wp\/v2\/pages\/987767\/revisions"}],"predecessor-version":[{"id":988015,"href":"https:\/\/figroup.us\/de\/wp-json\/wp\/v2\/pages\/987767\/revisions\/988015"}],"wp:attachment":[{"href":"https:\/\/figroup.us\/de\/wp-json\/wp\/v2\/media?parent=987767"}],"curies":[{"name":"wp","href":"https:\/\/api.w.org\/{rel}","templated":true}]}}