{"id":11410,"date":"2016-12-05T16:27:32","date_gmt":"2016-12-05T16:27:32","guid":{"rendered":"https:\/\/nex.vamtam.com\/?page_id=11410"},"modified":"2024-04-30T14:06:35","modified_gmt":"2024-04-30T14:06:35","slug":"about","status":"publish","type":"page","link":"https:\/\/figroup.us\/en\/about\/","title":{"rendered":"About Us"},"content":{"rendered":"<div class=\"vgblk-rw-wrapper limit-wrapper\">\n<h3>\n\tAbout Us\n\t<\/h3>\n\t<p>Florida International Enterprises LLC is a state-of-the-art class A building located in the heart of Miami's cargo area, just minutes away from the International Airport and close to the main arteries connecting us to the Port of Miami and Port Everglades.<\/p>\n<p>Our management team has over 30 years of experience in the supply chain industry and combines local and international talent, with an extensive network of contacts to facilitate your business in the State of Florida and the United States.<\/p>\n<p>Our Operations Team experience and technical knowledge, are oriented towards delivering the best service to our clients and their cargo. They are all trained, evaluated, and approved by the TSA to meet all required security criteria.<\/p>\n<p>During the past 25 years of Florida International Enterprises' existence, we have developed a close and trusting relationship with our clients, serving as a strategic partner in their operations and providing the necessary guidance to be efficient and comply with industry standards and regulations.<\/p>\n<p>Somos parte del Grupo Marval &#8211; <a href=\"http:\/\/www.marval.cl\">www.marval.cl<\/a> &#8211; Empresa Chilena que desde 1989 provee soluciones integrales a la cadena log\u00edstica, mar\u00edtima y portuaria, con presencia en Chile, Argentina, Per\u00fa, Bolivia, Brasil y los Estados Unidos.<\/p>\n<p>We hold the following certifications:<\/p>\n<ul>\n<li>CFS<\/li>\n<li>Bonded<\/li>\n<li>TSA Facility<\/li>\n<li>C-TPAT Compliant<\/li>\n<\/ul>\n<p>&nbsp;<\/p>\n<p>Mission<\/p>\n<p>To provide 3PL services, becoming a strategic partner for our clients, contributing with our experience to develop efficient, innovative, and tailored solutions.<\/p>\n<p>&nbsp;<\/p>\n<p>Vision<\/p>\n<p>To be recognized as a leader in quality and timeliness in the services we provide.<\/p>\n<p>&nbsp;<\/p>\n<p>Values<\/p>\n<ul>\n<li>Transparency and Credibility<\/li>\n<li>Audacity and Innovation<\/li>\n<li>Collaboration and Sustainability<\/li>\n<li>Confidentiality and Neutrality<\/li>\n<\/ul>\n\n<\/div><!-- .vgblk-rw-wrapper -->","protected":false},"excerpt":{"rendered":"<p>Sobre Nosotros El edificio de \u00faltima generaci\u00f3n de Florida International Enterprises LLC est\u00e1 ubicado en el coraz\u00f3n del \u00e1rea de carga de Miami, a solo minutos del Aeropuerto Internacional y pr\u00f3ximo a las principales arterias que nos comunican con los Puertos de Miami y Port Everglades. Nuestro equipo Directivo cuenta con una trayectoria de m\u00e1s&#8230;<\/p>","protected":false},"author":1,"featured_media":0,"parent":0,"menu_order":0,"comment_status":"closed","ping_status":"closed","template":"","meta":{"inline_featured_image":false,"footnotes":""},"class_list":["post-11410","page","type-page","status-publish","hentry"],"_links":{"self":[{"href":"https:\/\/figroup.us\/en\/wp-json\/wp\/v2\/pages\/11410","targetHints":{"allow":["GET"]}}],"collection":[{"href":"https:\/\/figroup.us\/en\/wp-json\/wp\/v2\/pages"}],"about":[{"href":"https:\/\/figroup.us\/en\/wp-json\/wp\/v2\/types\/page"}],"author":[{"embeddable":true,"href":"https:\/\/figroup.us\/en\/wp-json\/wp\/v2\/users\/1"}],"replies":[{"embeddable":true,"href":"https:\/\/figroup.us\/en\/wp-json\/wp\/v2\/comments?post=11410"}],"version-history":[{"count":18,"href":"https:\/\/figroup.us\/en\/wp-json\/wp\/v2\/pages\/11410\/revisions"}],"predecessor-version":[{"id":988016,"href":"https:\/\/figroup.us\/en\/wp-json\/wp\/v2\/pages\/11410\/revisions\/988016"}],"wp:attachment":[{"href":"https:\/\/figroup.us\/en\/wp-json\/wp\/v2\/media?parent=11410"}],"curies":[{"name":"wp","href":"https:\/\/api.w.org\/{rel}","templated":true}]}}