{"id":13349,"date":"2017-07-31T13:05:22","date_gmt":"2017-07-31T13:05:22","guid":{"rendered":"https:\/\/nex.vamtam.com\/?page_id=13349"},"modified":"2024-05-02T18:14:46","modified_gmt":"2024-05-02T18:14:46","slug":"sustainability","status":"publish","type":"page","link":"https:\/\/figroup.us\/en\/sustainability\/","title":{"rendered":"Sustainability"},"content":{"rendered":"<div class=\"vgblk-rw-wrapper limit-wrapper\">\n\n\t<p>Ethics<\/p>\n<p>We are committed to upholding the highest ethical standards in all our operations and business relationships.<\/p>\n<p>We promote an inclusive and respectful work environment where individual differences are valued, without discrimination or harassment.<\/p>\n<ul>\n\n<\/ul>\n<p>&nbsp;<\/p>\n\t<p>Environment<\/p>\n<p>We are committed to minimizing the environmental impact of our operations and promoting sustainable practices.<\/p>\n<p>We strive for efficient use of energy, waste reduction, and responsible utilization of natural resources.<\/p>\n<ul>\n\n<\/ul>\n<p>&nbsp;<\/p>\n\t<p>Safety<\/p>\n<p>&nbsp;<\/p>\n<p>The safety of people, assets, and information, both for our clients and our own, is a priority.<\/p>\n<p>We promote a culture of risk prevention and safe practices.<\/p>\n\n<\/div><!-- .vgblk-rw-wrapper -->","protected":false},"excerpt":{"rendered":"<p>\u00c9tica Nos comprometemos a mantener los m\u00e1s altos est\u00e1ndares \u00e9ticos en todas nuestras operaciones y relaciones comerciales. Promovemos un ambiente de trabajo inclusivo y respetuoso, d\u00f3nde se valoren las diferencias individuales, sin discriminaci\u00f3n o acoso. &nbsp; Medio Ambiente Minimizar el impacto en el ambiente de nuestras operaciones y promover pr\u00e1cticas sostenibles. Hacer uso eficiente de&#8230;<\/p>","protected":false},"author":1,"featured_media":0,"parent":0,"menu_order":0,"comment_status":"closed","ping_status":"closed","template":"","meta":{"inline_featured_image":false,"footnotes":""},"class_list":["post-13349","page","type-page","status-publish","hentry"],"_links":{"self":[{"href":"https:\/\/figroup.us\/en\/wp-json\/wp\/v2\/pages\/13349","targetHints":{"allow":["GET"]}}],"collection":[{"href":"https:\/\/figroup.us\/en\/wp-json\/wp\/v2\/pages"}],"about":[{"href":"https:\/\/figroup.us\/en\/wp-json\/wp\/v2\/types\/page"}],"author":[{"embeddable":true,"href":"https:\/\/figroup.us\/en\/wp-json\/wp\/v2\/users\/1"}],"replies":[{"embeddable":true,"href":"https:\/\/figroup.us\/en\/wp-json\/wp\/v2\/comments?post=13349"}],"version-history":[{"count":12,"href":"https:\/\/figroup.us\/en\/wp-json\/wp\/v2\/pages\/13349\/revisions"}],"predecessor-version":[{"id":988019,"href":"https:\/\/figroup.us\/en\/wp-json\/wp\/v2\/pages\/13349\/revisions\/988019"}],"wp:attachment":[{"href":"https:\/\/figroup.us\/en\/wp-json\/wp\/v2\/media?parent=13349"}],"curies":[{"name":"wp","href":"https:\/\/api.w.org\/{rel}","templated":true}]}}